{"id":9837,"date":"2025-11-27T12:26:52","date_gmt":"2025-11-27T11:26:52","guid":{"rendered":"https:\/\/ofertacular.com\/index.php\/producto\/kikkaboo-silla\/"},"modified":"2025-11-27T12:26:52","modified_gmt":"2025-11-27T11:26:52","slug":"kikkaboo-silla","status":"publish","type":"product","link":"https:\/\/ofertacular.com\/index.php\/producto\/kikkaboo-silla\/","title":{"rendered":"KikkaBoo Silla"},"content":{"rendered":"<div class=\"oferta-container\">\n<p>\ud83d\udfe5 <b>\u00a1DESCUENTO \u00daNICO!<\/b> \ud83d\udfe5 #Publicidad #Amazon #16<\/p>\n<p>\ud83d\udd34 <b>Silla Beb\u00e9 <\/b><\/p>\n<p>\u2705 <b>AHORA 84.9 \u20ac<\/b> \u2714\ufe0f\ud83d\udfe1<\/p>\n<p>\u274c Antes 99.90 \u20ac<\/p>\n<p>\ud83d\uded2: <a href=\"https:\/\/btz.es\/5dK5bmt\" target=\"_blank\" rel=\"nofollow noopener\">https:\/\/btz.es\/5dK5bmt<\/a><\/p>\n<p>Descubre la comodidad y seguridad con la silla para beb\u00e9 KikkaBoo, dise\u00f1ada para ofrecer un soporte \u00f3ptimo y un dise\u00f1o moderno que se adapta a cualquier hogar. Perfecta para acompa\u00f1ar el crecimiento de tu hijo con materiales de alta calidad y f\u00e1cil limpieza. Ideal para padres que buscan funcionalidad y estilo en un solo producto. Aprovecha esta oportunidad para darle a tu beb\u00e9 el mejor asiento, respaldado por la confianza y calidad de la marca KikkaBoo.<\/p>\n<\/p><\/div>\n","protected":false},"excerpt":{"rendered":"<p>\ud83d\udfe5 \u00a1DESCUENTO \u00daNICO! \ud83d\udfe5 #Publicidad #Amazon #16 \ud83d\udd34 Silla Beb\u00e9 \u2705 AHORA 84.9 \u20ac \u2714\ufe0f\ud83d\udfe1 \u274c Antes 99.90 \u20ac \ud83d\uded2: https:\/\/btz.es\/5dK5bmt Descubre la comodidad y seguridad con la silla para beb\u00e9 KikkaBoo, dise\u00f1ada para ofrecer un soporte \u00f3ptimo y un dise\u00f1o moderno que se adapta a cualquier hogar. Perfecta para acompa\u00f1ar el crecimiento de tu [&hellip;]<\/p>\n","protected":false},"featured_media":9836,"template":"","meta":{"_gspb_post_css":""},"store":[],"product_brand":[],"product_cat":[16],"product_tag":[],"class_list":{"0":"post-9837","1":"product","2":"type-product","3":"status-publish","4":"has-post-thumbnail","6":"product_cat-sin-categorizar","8":"first","9":"instock","10":"sale","11":"shipping-taxable","12":"product-type-external"},"jetpack_sharing_enabled":true,"_links":{"self":[{"href":"https:\/\/ofertacular.com\/index.php\/wp-json\/wp\/v2\/product\/9837","targetHints":{"allow":["GET"]}}],"collection":[{"href":"https:\/\/ofertacular.com\/index.php\/wp-json\/wp\/v2\/product"}],"about":[{"href":"https:\/\/ofertacular.com\/index.php\/wp-json\/wp\/v2\/types\/product"}],"wp:featuredmedia":[{"embeddable":true,"href":"https:\/\/ofertacular.com\/index.php\/wp-json\/wp\/v2\/media\/9836"}],"wp:attachment":[{"href":"https:\/\/ofertacular.com\/index.php\/wp-json\/wp\/v2\/media?parent=9837"}],"wp:term":[{"taxonomy":"store","embeddable":true,"href":"https:\/\/ofertacular.com\/index.php\/wp-json\/wp\/v2\/store?post=9837"},{"taxonomy":"product_brand","embeddable":true,"href":"https:\/\/ofertacular.com\/index.php\/wp-json\/wp\/v2\/product_brand?post=9837"},{"taxonomy":"product_cat","embeddable":true,"href":"https:\/\/ofertacular.com\/index.php\/wp-json\/wp\/v2\/product_cat?post=9837"},{"taxonomy":"product_tag","embeddable":true,"href":"https:\/\/ofertacular.com\/index.php\/wp-json\/wp\/v2\/product_tag?post=9837"}],"curies":[{"name":"wp","href":"https:\/\/api.w.org\/{rel}","templated":true}]}}