{"id":9845,"date":"2025-11-27T14:07:10","date_gmt":"2025-11-27T13:07:10","guid":{"rendered":"https:\/\/ofertacular.com\/index.php\/producto\/axe-duplo\/"},"modified":"2025-11-27T14:07:10","modified_gmt":"2025-11-27T13:07:10","slug":"axe-duplo","status":"publish","type":"product","link":"https:\/\/ofertacular.com\/index.php\/producto\/axe-duplo\/","title":{"rendered":"Axe Duplo"},"content":{"rendered":"<div class=\"oferta-container\">\n<p>\ud83d\udfe5 <b>\u00a1OFERT\u00d3N!<\/b> \ud83d\udfe5 #Publicidad #Amazon #16<\/p>\n<p>\ud83d\udd34 <b>Desodorante Axe <\/b><\/p>\n<p>\u2705 <b>AHORA 8.7 \u20ac<\/b> \u2714\ufe0f\ud83d\udfe1<\/p>\n<p>\u274c Antes 11.60 \u20ac<\/p>\n<p>\ud83d\uded2: <a href=\"https:\/\/btz.es\/5dKUqJ7\" target=\"_blank\" rel=\"nofollow noopener\">https:\/\/btz.es\/5dKUqJ7<\/a><\/p>\n<p>Descubre la frescura y protecci\u00f3n prolongada con Desodorante Axe Duplo. Ideal para quienes buscan eliminar el mal olor y mantener una agradable sensaci\u00f3n de limpieza durante todo el d\u00eda. Perfecto para el hombre activo que valora la calidad y el rendimiento en su rutina diaria. Aprovecha esta oferta exclusiva y luce siempre fresco y seguro con Axe.<\/p>\n<\/p><\/div>\n","protected":false},"excerpt":{"rendered":"<p>\ud83d\udfe5 \u00a1OFERT\u00d3N! \ud83d\udfe5 #Publicidad #Amazon #16 \ud83d\udd34 Desodorante Axe \u2705 AHORA 8.7 \u20ac \u2714\ufe0f\ud83d\udfe1 \u274c Antes 11.60 \u20ac \ud83d\uded2: https:\/\/btz.es\/5dKUqJ7 Descubre la frescura y protecci\u00f3n prolongada con Desodorante Axe Duplo. Ideal para quienes buscan eliminar el mal olor y mantener una agradable sensaci\u00f3n de limpieza durante todo el d\u00eda. Perfecto para el hombre activo que [&hellip;]<\/p>\n","protected":false},"featured_media":9844,"template":"","meta":{"_gspb_post_css":""},"store":[],"product_brand":[],"product_cat":[16],"product_tag":[],"class_list":{"0":"post-9845","1":"product","2":"type-product","3":"status-publish","4":"has-post-thumbnail","6":"product_cat-sin-categorizar","8":"first","9":"instock","10":"sale","11":"shipping-taxable","12":"product-type-external"},"jetpack_sharing_enabled":true,"_links":{"self":[{"href":"https:\/\/ofertacular.com\/index.php\/wp-json\/wp\/v2\/product\/9845","targetHints":{"allow":["GET"]}}],"collection":[{"href":"https:\/\/ofertacular.com\/index.php\/wp-json\/wp\/v2\/product"}],"about":[{"href":"https:\/\/ofertacular.com\/index.php\/wp-json\/wp\/v2\/types\/product"}],"wp:featuredmedia":[{"embeddable":true,"href":"https:\/\/ofertacular.com\/index.php\/wp-json\/wp\/v2\/media\/9844"}],"wp:attachment":[{"href":"https:\/\/ofertacular.com\/index.php\/wp-json\/wp\/v2\/media?parent=9845"}],"wp:term":[{"taxonomy":"store","embeddable":true,"href":"https:\/\/ofertacular.com\/index.php\/wp-json\/wp\/v2\/store?post=9845"},{"taxonomy":"product_brand","embeddable":true,"href":"https:\/\/ofertacular.com\/index.php\/wp-json\/wp\/v2\/product_brand?post=9845"},{"taxonomy":"product_cat","embeddable":true,"href":"https:\/\/ofertacular.com\/index.php\/wp-json\/wp\/v2\/product_cat?post=9845"},{"taxonomy":"product_tag","embeddable":true,"href":"https:\/\/ofertacular.com\/index.php\/wp-json\/wp\/v2\/product_tag?post=9845"}],"curies":[{"name":"wp","href":"https:\/\/api.w.org\/{rel}","templated":true}]}}