{"id":9871,"date":"2025-11-28T07:40:42","date_gmt":"2025-11-28T06:40:42","guid":{"rendered":"https:\/\/ofertacular.com\/index.php\/producto\/puma-backpack-5\/"},"modified":"2025-11-28T07:40:42","modified_gmt":"2025-11-28T06:40:42","slug":"puma-backpack-5","status":"publish","type":"product","link":"https:\/\/ofertacular.com\/index.php\/producto\/puma-backpack-5\/","title":{"rendered":"PUMA Backpack"},"content":{"rendered":"<div class=\"oferta-container\">\n<p>\ud83d\udfe5 <b>INCRE\u00cdBLE<\/b> \ud83d\udfe5 #Publicidad #Amazon #16<\/p>\n<p>\ud83d\udd34 <b>Mochila PUMA <\/b><\/p>\n<p>\u2705 <b>AHORA 12 \u20ac<\/b> \u2714\ufe0f\ud83d\udfe1<\/p>\n<p>\u274c Antes 19.95 \u20ac<\/p>\n<p>\ud83d\uded2: <a href=\"https:\/\/btz.es\/5dPl5gm\" target=\"_blank\" rel=\"nofollow noopener\">https:\/\/btz.es\/5dPl5gm<\/a><\/p>\n<p>Descubre la mochila PUMA, dise\u00f1ada para ofrecer funcionalidad y estilo en tu d\u00eda a d\u00eda. Fabricada con materiales resistentes de alta calidad, esta mochila es perfecta para llevar tus pertenencias de forma segura y c\u00f3moda. Su dise\u00f1o moderno y emblem\u00e1tico logo PUMA garantizan un look deportivo y urbano. Ideal para uso escolar, trabajo o actividades al aire libre. Consigue ya tu mochila PUMA y disfruta de la combinaci\u00f3n perfecta entre moda y practicidad.<\/p>\n<\/p><\/div>\n","protected":false},"excerpt":{"rendered":"<p>\ud83d\udfe5 INCRE\u00cdBLE \ud83d\udfe5 #Publicidad #Amazon #16 \ud83d\udd34 Mochila PUMA \u2705 AHORA 12 \u20ac \u2714\ufe0f\ud83d\udfe1 \u274c Antes 19.95 \u20ac \ud83d\uded2: https:\/\/btz.es\/5dPl5gm Descubre la mochila PUMA, dise\u00f1ada para ofrecer funcionalidad y estilo en tu d\u00eda a d\u00eda. Fabricada con materiales resistentes de alta calidad, esta mochila es perfecta para llevar tus pertenencias de forma segura y c\u00f3moda. [&hellip;]<\/p>\n","protected":false},"featured_media":9870,"template":"","meta":{"_gspb_post_css":""},"store":[],"product_brand":[],"product_cat":[16],"product_tag":[],"class_list":{"0":"post-9871","1":"product","2":"type-product","3":"status-publish","4":"has-post-thumbnail","6":"product_cat-sin-categorizar","8":"first","9":"instock","10":"sale","11":"shipping-taxable","12":"product-type-external"},"jetpack_sharing_enabled":true,"_links":{"self":[{"href":"https:\/\/ofertacular.com\/index.php\/wp-json\/wp\/v2\/product\/9871","targetHints":{"allow":["GET"]}}],"collection":[{"href":"https:\/\/ofertacular.com\/index.php\/wp-json\/wp\/v2\/product"}],"about":[{"href":"https:\/\/ofertacular.com\/index.php\/wp-json\/wp\/v2\/types\/product"}],"wp:featuredmedia":[{"embeddable":true,"href":"https:\/\/ofertacular.com\/index.php\/wp-json\/wp\/v2\/media\/9870"}],"wp:attachment":[{"href":"https:\/\/ofertacular.com\/index.php\/wp-json\/wp\/v2\/media?parent=9871"}],"wp:term":[{"taxonomy":"store","embeddable":true,"href":"https:\/\/ofertacular.com\/index.php\/wp-json\/wp\/v2\/store?post=9871"},{"taxonomy":"product_brand","embeddable":true,"href":"https:\/\/ofertacular.com\/index.php\/wp-json\/wp\/v2\/product_brand?post=9871"},{"taxonomy":"product_cat","embeddable":true,"href":"https:\/\/ofertacular.com\/index.php\/wp-json\/wp\/v2\/product_cat?post=9871"},{"taxonomy":"product_tag","embeddable":true,"href":"https:\/\/ofertacular.com\/index.php\/wp-json\/wp\/v2\/product_tag?post=9871"}],"curies":[{"name":"wp","href":"https:\/\/api.w.org\/{rel}","templated":true}]}}