{"id":9877,"date":"2025-11-28T07:45:50","date_gmt":"2025-11-28T06:45:50","guid":{"rendered":"https:\/\/ofertacular.com\/index.php\/producto\/finish-sal\/"},"modified":"2025-11-28T07:45:50","modified_gmt":"2025-11-28T06:45:50","slug":"finish-sal","status":"publish","type":"product","link":"https:\/\/ofertacular.com\/index.php\/producto\/finish-sal\/","title":{"rendered":"Finish Sal"},"content":{"rendered":"<div class=\"oferta-container\">\n<p>\ud83d\udfe5 <b>\u00a1NO TE LA PIERDAS!<\/b> \ud83d\udfe5 #Publicidad #Amazon #16<\/p>\n<p>\ud83d\udd34 <b>Finish Sal <\/b><\/p>\n<p>\u2705 <b>AHORA 6.5 \u20ac<\/b> \u2714\ufe0f\ud83d\udfe1<\/p>\n<p>\u274c Antes 9.48 \u20ac<\/p>\n<p>\ud83d\uded2: <a href=\"https:\/\/btz.es\/5dPmNnl\" target=\"_blank\" rel=\"nofollow noopener\">https:\/\/btz.es\/5dPmNnl<\/a><\/p>\n<p>Finish Sal es un tratamiento innovador para mejorar la limpieza y brillo en lavavajillas. Su f\u00f3rmula avanzada combate eficazmente la cal y residuos dif\u00edciles, garantizando platos impecables y sin manchas. Perfecto para mantener el rendimiento \u00f3ptimo de tu lavavajillas, ofrecer una limpieza profunda y prolongar la vida \u00fatil del electrodom\u00e9stico. Ideal para hogares y profesionales que buscan resultados superiores con cada lavado.<\/p>\n<\/p><\/div>\n","protected":false},"excerpt":{"rendered":"<p>\ud83d\udfe5 \u00a1NO TE LA PIERDAS! \ud83d\udfe5 #Publicidad #Amazon #16 \ud83d\udd34 Finish Sal \u2705 AHORA 6.5 \u20ac \u2714\ufe0f\ud83d\udfe1 \u274c Antes 9.48 \u20ac \ud83d\uded2: https:\/\/btz.es\/5dPmNnl Finish Sal es un tratamiento innovador para mejorar la limpieza y brillo en lavavajillas. Su f\u00f3rmula avanzada combate eficazmente la cal y residuos dif\u00edciles, garantizando platos impecables y sin manchas. Perfecto para [&hellip;]<\/p>\n","protected":false},"featured_media":9876,"template":"","meta":{"_gspb_post_css":""},"store":[],"product_brand":[],"product_cat":[16],"product_tag":[],"class_list":{"0":"post-9877","1":"product","2":"type-product","3":"status-publish","4":"has-post-thumbnail","6":"product_cat-sin-categorizar","8":"first","9":"instock","10":"sale","11":"shipping-taxable","12":"product-type-external"},"jetpack_sharing_enabled":true,"_links":{"self":[{"href":"https:\/\/ofertacular.com\/index.php\/wp-json\/wp\/v2\/product\/9877","targetHints":{"allow":["GET"]}}],"collection":[{"href":"https:\/\/ofertacular.com\/index.php\/wp-json\/wp\/v2\/product"}],"about":[{"href":"https:\/\/ofertacular.com\/index.php\/wp-json\/wp\/v2\/types\/product"}],"wp:featuredmedia":[{"embeddable":true,"href":"https:\/\/ofertacular.com\/index.php\/wp-json\/wp\/v2\/media\/9876"}],"wp:attachment":[{"href":"https:\/\/ofertacular.com\/index.php\/wp-json\/wp\/v2\/media?parent=9877"}],"wp:term":[{"taxonomy":"store","embeddable":true,"href":"https:\/\/ofertacular.com\/index.php\/wp-json\/wp\/v2\/store?post=9877"},{"taxonomy":"product_brand","embeddable":true,"href":"https:\/\/ofertacular.com\/index.php\/wp-json\/wp\/v2\/product_brand?post=9877"},{"taxonomy":"product_cat","embeddable":true,"href":"https:\/\/ofertacular.com\/index.php\/wp-json\/wp\/v2\/product_cat?post=9877"},{"taxonomy":"product_tag","embeddable":true,"href":"https:\/\/ofertacular.com\/index.php\/wp-json\/wp\/v2\/product_tag?post=9877"}],"curies":[{"name":"wp","href":"https:\/\/api.w.org\/{rel}","templated":true}]}}