{"id":9891,"date":"2025-11-28T08:28:30","date_gmt":"2025-11-28T07:28:30","guid":{"rendered":"https:\/\/ofertacular.com\/index.php\/producto\/fire-tv-5\/"},"modified":"2025-11-28T08:28:30","modified_gmt":"2025-11-28T07:28:30","slug":"fire-tv-5","status":"publish","type":"product","link":"https:\/\/ofertacular.com\/index.php\/producto\/fire-tv-5\/","title":{"rendered":"Fire TV"},"content":{"rendered":"<div class=\"oferta-container\">\n<p>\ud83d\udfe5 <b>REBAJA<\/b> \ud83d\udfe5 #Publicidad #Amazon #16<\/p>\n<p>\ud83d\udd34 <b>Fire TV <\/b><\/p>\n<p>\u2705 <b>AHORA 29.99 \u20ac<\/b> \u2714\ufe0f\ud83d\udfe1<\/p>\n<p>\u274c Antes 69.99 \u20ac<\/p>\n<p>\ud83d\uded2: <a href=\"https:\/\/btz.es\/5dPx6ZG\" target=\"_blank\" rel=\"nofollow noopener\">https:\/\/btz.es\/5dPx6ZG<\/a><\/p>\n<p>Descubre la mejor experiencia de entretenimiento con Fire TV. Disfruta de acceso instant\u00e1neo a miles de pel\u00edculas, series y aplicaciones en alta definici\u00f3n. Optimizado para una conexi\u00f3n fluida y contenido ilimitado, Fire TV es la elecci\u00f3n perfecta para transformar tu televisi\u00f3n en un centro multimedia avanzado. F\u00e1cil de usar y compatible con m\u00faltiples dispositivos, eleva tus momentos de ocio con calidad y tecnolog\u00eda de vanguardia.<\/p>\n<\/p><\/div>\n","protected":false},"excerpt":{"rendered":"<p>\ud83d\udfe5 REBAJA \ud83d\udfe5 #Publicidad #Amazon #16 \ud83d\udd34 Fire TV \u2705 AHORA 29.99 \u20ac \u2714\ufe0f\ud83d\udfe1 \u274c Antes 69.99 \u20ac \ud83d\uded2: https:\/\/btz.es\/5dPx6ZG Descubre la mejor experiencia de entretenimiento con Fire TV. Disfruta de acceso instant\u00e1neo a miles de pel\u00edculas, series y aplicaciones en alta definici\u00f3n. Optimizado para una conexi\u00f3n fluida y contenido ilimitado, Fire TV es la [&hellip;]<\/p>\n","protected":false},"featured_media":9890,"template":"","meta":{"_gspb_post_css":""},"store":[],"product_brand":[],"product_cat":[16],"product_tag":[],"class_list":{"0":"post-9891","1":"product","2":"type-product","3":"status-publish","4":"has-post-thumbnail","6":"product_cat-sin-categorizar","8":"first","9":"instock","10":"sale","11":"shipping-taxable","12":"product-type-external"},"jetpack_sharing_enabled":true,"_links":{"self":[{"href":"https:\/\/ofertacular.com\/index.php\/wp-json\/wp\/v2\/product\/9891","targetHints":{"allow":["GET"]}}],"collection":[{"href":"https:\/\/ofertacular.com\/index.php\/wp-json\/wp\/v2\/product"}],"about":[{"href":"https:\/\/ofertacular.com\/index.php\/wp-json\/wp\/v2\/types\/product"}],"wp:featuredmedia":[{"embeddable":true,"href":"https:\/\/ofertacular.com\/index.php\/wp-json\/wp\/v2\/media\/9890"}],"wp:attachment":[{"href":"https:\/\/ofertacular.com\/index.php\/wp-json\/wp\/v2\/media?parent=9891"}],"wp:term":[{"taxonomy":"store","embeddable":true,"href":"https:\/\/ofertacular.com\/index.php\/wp-json\/wp\/v2\/store?post=9891"},{"taxonomy":"product_brand","embeddable":true,"href":"https:\/\/ofertacular.com\/index.php\/wp-json\/wp\/v2\/product_brand?post=9891"},{"taxonomy":"product_cat","embeddable":true,"href":"https:\/\/ofertacular.com\/index.php\/wp-json\/wp\/v2\/product_cat?post=9891"},{"taxonomy":"product_tag","embeddable":true,"href":"https:\/\/ofertacular.com\/index.php\/wp-json\/wp\/v2\/product_tag?post=9891"}],"curies":[{"name":"wp","href":"https:\/\/api.w.org\/{rel}","templated":true}]}}