{"id":9893,"date":"2025-11-28T08:32:58","date_gmt":"2025-11-28T07:32:58","guid":{"rendered":"https:\/\/ofertacular.com\/index.php\/producto\/logitech-g733\/"},"modified":"2025-11-28T08:32:58","modified_gmt":"2025-11-28T07:32:58","slug":"logitech-g733","status":"publish","type":"product","link":"https:\/\/ofertacular.com\/index.php\/producto\/logitech-g733\/","title":{"rendered":"Logitech G733"},"content":{"rendered":"<div class=\"oferta-container\">\n<p>\ud83d\udfe5 <b>EXCLUSIVO<\/b> \ud83d\udfe5 #Publicidad #Amazon #16<\/p>\n<p>\ud83d\udd34 <b>Auriculares Logitech <\/b><\/p>\n<p>\u2705 <b>AHORA 68.99 \u20ac<\/b> \u2714\ufe0f\ud83d\udfe1<\/p>\n<p>\u274c Antes 169.00 \u20ac<\/p>\n<p>\ud83d\uded2: <a href=\"https:\/\/btz.es\/5dPyESc\" target=\"_blank\" rel=\"nofollow noopener\">https:\/\/btz.es\/5dPyESc<\/a><\/p>\n<p>Descubre los Auriculares Gaming Logitech G733, dise\u00f1ados para ofrecer una experiencia de audio envolvente con comodidad superior y estilo moderno. Equipados con tecnolog\u00eda avanzada y micr\u00f3fono de alta calidad, son ideales para gamers que buscan rendimiento y durabilidad. Mejora tu juego y comunicaci\u00f3n con estos auriculares inal\u00e1mbricos ligeros y ajustables, perfectos para largas sesiones de juego. \u00a1Consigue un sonido n\u00edtido y transparente con Logitech, l\u00edder en accesorios gaming!<\/p>\n<\/p><\/div>\n","protected":false},"excerpt":{"rendered":"<p>\ud83d\udfe5 EXCLUSIVO \ud83d\udfe5 #Publicidad #Amazon #16 \ud83d\udd34 Auriculares Logitech \u2705 AHORA 68.99 \u20ac \u2714\ufe0f\ud83d\udfe1 \u274c Antes 169.00 \u20ac \ud83d\uded2: https:\/\/btz.es\/5dPyESc Descubre los Auriculares Gaming Logitech G733, dise\u00f1ados para ofrecer una experiencia de audio envolvente con comodidad superior y estilo moderno. Equipados con tecnolog\u00eda avanzada y micr\u00f3fono de alta calidad, son ideales para gamers que buscan [&hellip;]<\/p>\n","protected":false},"featured_media":9892,"template":"","meta":{"_gspb_post_css":""},"store":[],"product_brand":[],"product_cat":[16],"product_tag":[],"class_list":{"0":"post-9893","1":"product","2":"type-product","3":"status-publish","4":"has-post-thumbnail","6":"product_cat-sin-categorizar","8":"first","9":"instock","10":"sale","11":"shipping-taxable","12":"product-type-external"},"jetpack_sharing_enabled":true,"_links":{"self":[{"href":"https:\/\/ofertacular.com\/index.php\/wp-json\/wp\/v2\/product\/9893","targetHints":{"allow":["GET"]}}],"collection":[{"href":"https:\/\/ofertacular.com\/index.php\/wp-json\/wp\/v2\/product"}],"about":[{"href":"https:\/\/ofertacular.com\/index.php\/wp-json\/wp\/v2\/types\/product"}],"wp:featuredmedia":[{"embeddable":true,"href":"https:\/\/ofertacular.com\/index.php\/wp-json\/wp\/v2\/media\/9892"}],"wp:attachment":[{"href":"https:\/\/ofertacular.com\/index.php\/wp-json\/wp\/v2\/media?parent=9893"}],"wp:term":[{"taxonomy":"store","embeddable":true,"href":"https:\/\/ofertacular.com\/index.php\/wp-json\/wp\/v2\/store?post=9893"},{"taxonomy":"product_brand","embeddable":true,"href":"https:\/\/ofertacular.com\/index.php\/wp-json\/wp\/v2\/product_brand?post=9893"},{"taxonomy":"product_cat","embeddable":true,"href":"https:\/\/ofertacular.com\/index.php\/wp-json\/wp\/v2\/product_cat?post=9893"},{"taxonomy":"product_tag","embeddable":true,"href":"https:\/\/ofertacular.com\/index.php\/wp-json\/wp\/v2\/product_tag?post=9893"}],"curies":[{"name":"wp","href":"https:\/\/api.w.org\/{rel}","templated":true}]}}