{"id":9915,"date":"2025-11-28T11:52:39","date_gmt":"2025-11-28T10:52:39","guid":{"rendered":"https:\/\/ofertacular.com\/index.php\/producto\/nike-nightfall\/"},"modified":"2025-11-28T11:52:39","modified_gmt":"2025-11-28T10:52:39","slug":"nike-nightfall","status":"publish","type":"product","link":"https:\/\/ofertacular.com\/index.php\/producto\/nike-nightfall\/","title":{"rendered":"Nike Nightfall"},"content":{"rendered":"<div class=\"oferta-container\">\n<p>\ud83d\udfe5 <b>\u00a1NO TE LA PIERDAS!<\/b> \ud83d\udfe5 #Publicidad #Amazon #16<\/p>\n<p>\ud83d\udd34 <b>Zapatillas Nike <\/b><\/p>\n<p>\u2705 <b>AHORA 8.95 \u20ac<\/b> \u2714\ufe0f\ud83d\udfe1<\/p>\n<p>\u274c Antes 10.95 \u20ac<\/p>\n<p>\ud83d\uded2: <a href=\"https:\/\/btz.es\/5dQmVNl\" target=\"_blank\" rel=\"nofollow noopener\">https:\/\/btz.es\/5dQmVNl<\/a><\/p>\n<p>Descubre las Zapatillas Nike Nightfall, dise\u00f1adas para ofrecer m\u00e1ximo confort y estilo urbano. Ideales para deportistas y amantes de la moda, estas zapatillas combinan tecnolog\u00eda avanzada y un dise\u00f1o moderno para potenciar tu rendimiento. Consigue las tuyas y mejora tu look con la calidad y confianza que solo Nike puede ofrecer.<\/p>\n<\/p><\/div>\n","protected":false},"excerpt":{"rendered":"<p>\ud83d\udfe5 \u00a1NO TE LA PIERDAS! \ud83d\udfe5 #Publicidad #Amazon #16 \ud83d\udd34 Zapatillas Nike \u2705 AHORA 8.95 \u20ac \u2714\ufe0f\ud83d\udfe1 \u274c Antes 10.95 \u20ac \ud83d\uded2: https:\/\/btz.es\/5dQmVNl Descubre las Zapatillas Nike Nightfall, dise\u00f1adas para ofrecer m\u00e1ximo confort y estilo urbano. Ideales para deportistas y amantes de la moda, estas zapatillas combinan tecnolog\u00eda avanzada y un dise\u00f1o moderno para potenciar [&hellip;]<\/p>\n","protected":false},"featured_media":9914,"template":"","meta":{"_gspb_post_css":""},"store":[],"product_brand":[],"product_cat":[16],"product_tag":[],"class_list":{"0":"post-9915","1":"product","2":"type-product","3":"status-publish","4":"has-post-thumbnail","6":"product_cat-sin-categorizar","8":"first","9":"instock","10":"sale","11":"shipping-taxable","12":"product-type-external"},"jetpack_sharing_enabled":true,"_links":{"self":[{"href":"https:\/\/ofertacular.com\/index.php\/wp-json\/wp\/v2\/product\/9915","targetHints":{"allow":["GET"]}}],"collection":[{"href":"https:\/\/ofertacular.com\/index.php\/wp-json\/wp\/v2\/product"}],"about":[{"href":"https:\/\/ofertacular.com\/index.php\/wp-json\/wp\/v2\/types\/product"}],"wp:featuredmedia":[{"embeddable":true,"href":"https:\/\/ofertacular.com\/index.php\/wp-json\/wp\/v2\/media\/9914"}],"wp:attachment":[{"href":"https:\/\/ofertacular.com\/index.php\/wp-json\/wp\/v2\/media?parent=9915"}],"wp:term":[{"taxonomy":"store","embeddable":true,"href":"https:\/\/ofertacular.com\/index.php\/wp-json\/wp\/v2\/store?post=9915"},{"taxonomy":"product_brand","embeddable":true,"href":"https:\/\/ofertacular.com\/index.php\/wp-json\/wp\/v2\/product_brand?post=9915"},{"taxonomy":"product_cat","embeddable":true,"href":"https:\/\/ofertacular.com\/index.php\/wp-json\/wp\/v2\/product_cat?post=9915"},{"taxonomy":"product_tag","embeddable":true,"href":"https:\/\/ofertacular.com\/index.php\/wp-json\/wp\/v2\/product_tag?post=9915"}],"curies":[{"name":"wp","href":"https:\/\/api.w.org\/{rel}","templated":true}]}}