{"id":9930,"date":"2025-11-30T10:18:27","date_gmt":"2025-11-30T09:18:27","guid":{"rendered":"https:\/\/ofertacular.com\/index.php\/producto\/charged-surge-11\/"},"modified":"2025-11-30T10:18:27","modified_gmt":"2025-11-30T09:18:27","slug":"charged-surge-11","status":"publish","type":"product","link":"https:\/\/ofertacular.com\/index.php\/producto\/charged-surge-11\/","title":{"rendered":"Charged Surge"},"content":{"rendered":"<div class=\"oferta-container\">\n<p>\ud83d\udfe5 <b>REBAJA<\/b> \ud83d\udfe5 #Publicidad #Amazon #16<\/p>\n<p>\ud83d\udd34 <b>Auriculares Surge <\/b><\/p>\n<p>\u2705 <b>AHORA 22.5 \u20ac<\/b> \u2714\ufe0f\ud83d\udfe1<\/p>\n<p>\u274c Antes 60.00 \u20ac<\/p>\n<p>\ud83d\uded2: <a href=\"https:\/\/btz.es\/5eb6qvK\" target=\"_blank\" rel=\"nofollow noopener\">https:\/\/btz.es\/5eb6qvK<\/a><\/p>\n<p>Experimenta un sonido potente y claridad excepcional con los Auriculares Charged Surge. Dise\u00f1ados para ofrecer comodidad durante todo el d\u00eda y una calidad de audio superior, estos auriculares son perfectos para m\u00fasica, llamadas y entretenimiento. Mejora tu experiencia auditiva con la tecnolog\u00eda avanzada de Charged Surge, combinando estilo y funcionalidad para satisfacer a los m\u00e1s exigentes.<\/p>\n<\/p><\/div>\n","protected":false},"excerpt":{"rendered":"<p>\ud83d\udfe5 REBAJA \ud83d\udfe5 #Publicidad #Amazon #16 \ud83d\udd34 Auriculares Surge \u2705 AHORA 22.5 \u20ac \u2714\ufe0f\ud83d\udfe1 \u274c Antes 60.00 \u20ac \ud83d\uded2: https:\/\/btz.es\/5eb6qvK Experimenta un sonido potente y claridad excepcional con los Auriculares Charged Surge. Dise\u00f1ados para ofrecer comodidad durante todo el d\u00eda y una calidad de audio superior, estos auriculares son perfectos para m\u00fasica, llamadas y entretenimiento. [&hellip;]<\/p>\n","protected":false},"featured_media":9929,"template":"","meta":{"_gspb_post_css":""},"store":[],"product_brand":[],"product_cat":[16],"product_tag":[],"class_list":{"0":"post-9930","1":"product","2":"type-product","3":"status-publish","4":"has-post-thumbnail","6":"product_cat-sin-categorizar","8":"first","9":"instock","10":"sale","11":"shipping-taxable","12":"product-type-external"},"jetpack_sharing_enabled":true,"_links":{"self":[{"href":"https:\/\/ofertacular.com\/index.php\/wp-json\/wp\/v2\/product\/9930","targetHints":{"allow":["GET"]}}],"collection":[{"href":"https:\/\/ofertacular.com\/index.php\/wp-json\/wp\/v2\/product"}],"about":[{"href":"https:\/\/ofertacular.com\/index.php\/wp-json\/wp\/v2\/types\/product"}],"wp:featuredmedia":[{"embeddable":true,"href":"https:\/\/ofertacular.com\/index.php\/wp-json\/wp\/v2\/media\/9929"}],"wp:attachment":[{"href":"https:\/\/ofertacular.com\/index.php\/wp-json\/wp\/v2\/media?parent=9930"}],"wp:term":[{"taxonomy":"store","embeddable":true,"href":"https:\/\/ofertacular.com\/index.php\/wp-json\/wp\/v2\/store?post=9930"},{"taxonomy":"product_brand","embeddable":true,"href":"https:\/\/ofertacular.com\/index.php\/wp-json\/wp\/v2\/product_brand?post=9930"},{"taxonomy":"product_cat","embeddable":true,"href":"https:\/\/ofertacular.com\/index.php\/wp-json\/wp\/v2\/product_cat?post=9930"},{"taxonomy":"product_tag","embeddable":true,"href":"https:\/\/ofertacular.com\/index.php\/wp-json\/wp\/v2\/product_tag?post=9930"}],"curies":[{"name":"wp","href":"https:\/\/api.w.org\/{rel}","templated":true}]}}