{"id":9940,"date":"2025-11-30T10:54:49","date_gmt":"2025-11-30T09:54:49","guid":{"rendered":"https:\/\/ofertacular.com\/index.php\/producto\/auriculares-inalambricos-4\/"},"modified":"2025-11-30T10:54:49","modified_gmt":"2025-11-30T09:54:49","slug":"auriculares-inalambricos-4","status":"publish","type":"product","link":"https:\/\/ofertacular.com\/index.php\/producto\/auriculares-inalambricos-4\/","title":{"rendered":"Auriculares Inal\u00e1mbricos"},"content":{"rendered":"<div class=\"oferta-container\">\n<p>\ud83d\udfe5 <b>CHOLLAZO<\/b> \ud83d\udfe5 #Publicidad #Amazon #16<\/p>\n<p>\ud83d\udd34 <b>Auriculares inal\u00e1mbricos <\/b><\/p>\n<p>\u2705 <b>AHORA 13.99 \u20ac<\/b> \u2714\ufe0f\ud83d\udfe1<\/p>\n<p>\u274c Antes 39.99 \u20ac<\/p>\n<p>\ud83d\uded2: <a href=\"https:\/\/btz.es\/5ebF0lh\" target=\"_blank\" rel=\"nofollow noopener\">https:\/\/btz.es\/5ebF0lh<\/a><\/p>\n<p>Descubre la libertad del sonido sin cables con nuestros auriculares inal\u00e1mbricos de \u00faltima generaci\u00f3n. Dise\u00f1o ergon\u00f3mico para un ajuste c\u00f3modo, calidad de audio excepcional y conectividad estable que te permite disfrutar de tu m\u00fasica y llamadas con total comodidad. Perfectos para deporte, viajes o uso diario, estos auriculares ofrecen una experiencia sonora envolvente y manos libres para tu m\u00e1xima comodidad.<\/p>\n<\/p><\/div>\n","protected":false},"excerpt":{"rendered":"<p>\ud83d\udfe5 CHOLLAZO \ud83d\udfe5 #Publicidad #Amazon #16 \ud83d\udd34 Auriculares inal\u00e1mbricos \u2705 AHORA 13.99 \u20ac \u2714\ufe0f\ud83d\udfe1 \u274c Antes 39.99 \u20ac \ud83d\uded2: https:\/\/btz.es\/5ebF0lh Descubre la libertad del sonido sin cables con nuestros auriculares inal\u00e1mbricos de \u00faltima generaci\u00f3n. Dise\u00f1o ergon\u00f3mico para un ajuste c\u00f3modo, calidad de audio excepcional y conectividad estable que te permite disfrutar de tu m\u00fasica y [&hellip;]<\/p>\n","protected":false},"featured_media":9939,"template":"","meta":{"_gspb_post_css":""},"store":[],"product_brand":[],"product_cat":[16],"product_tag":[],"class_list":{"0":"post-9940","1":"product","2":"type-product","3":"status-publish","4":"has-post-thumbnail","6":"product_cat-sin-categorizar","8":"first","9":"instock","10":"sale","11":"shipping-taxable","12":"product-type-external"},"jetpack_sharing_enabled":true,"_links":{"self":[{"href":"https:\/\/ofertacular.com\/index.php\/wp-json\/wp\/v2\/product\/9940","targetHints":{"allow":["GET"]}}],"collection":[{"href":"https:\/\/ofertacular.com\/index.php\/wp-json\/wp\/v2\/product"}],"about":[{"href":"https:\/\/ofertacular.com\/index.php\/wp-json\/wp\/v2\/types\/product"}],"wp:featuredmedia":[{"embeddable":true,"href":"https:\/\/ofertacular.com\/index.php\/wp-json\/wp\/v2\/media\/9939"}],"wp:attachment":[{"href":"https:\/\/ofertacular.com\/index.php\/wp-json\/wp\/v2\/media?parent=9940"}],"wp:term":[{"taxonomy":"store","embeddable":true,"href":"https:\/\/ofertacular.com\/index.php\/wp-json\/wp\/v2\/store?post=9940"},{"taxonomy":"product_brand","embeddable":true,"href":"https:\/\/ofertacular.com\/index.php\/wp-json\/wp\/v2\/product_brand?post=9940"},{"taxonomy":"product_cat","embeddable":true,"href":"https:\/\/ofertacular.com\/index.php\/wp-json\/wp\/v2\/product_cat?post=9940"},{"taxonomy":"product_tag","embeddable":true,"href":"https:\/\/ofertacular.com\/index.php\/wp-json\/wp\/v2\/product_tag?post=9940"}],"curies":[{"name":"wp","href":"https:\/\/api.w.org\/{rel}","templated":true}]}}