{"id":9942,"date":"2025-11-30T11:02:44","date_gmt":"2025-11-30T10:02:44","guid":{"rendered":"https:\/\/ofertacular.com\/index.php\/producto\/classic-coat\/"},"modified":"2025-11-30T11:02:44","modified_gmt":"2025-11-30T10:02:44","slug":"classic-coat","status":"publish","type":"product","link":"https:\/\/ofertacular.com\/index.php\/producto\/classic-coat\/","title":{"rendered":"Classic Coat"},"content":{"rendered":"<div class=\"oferta-container\">\n<p>\ud83d\udfe5 <b>\u00a1OFERTA ESPECIAL!<\/b> \ud83d\udfe5 #Publicidad #Amazon #16<\/p>\n<p>\ud83d\udd34 <b>Abrigo cl\u00e1sico <\/b><\/p>\n<p>\u2705 <b>AHORA 39.99 \u20ac<\/b> \u2714\ufe0f\ud83d\udfe1<\/p>\n<p>\u274c Antes 49.99 \u20ac<\/p>\n<p>\ud83d\uded2: <a href=\"https:\/\/btz.es\/5ebHwaA\" target=\"_blank\" rel=\"nofollow noopener\">https:\/\/btz.es\/5ebHwaA<\/a><\/p>\n<p>Descubre la elegancia atemporal con nuestro Abrigo cl\u00e1sico, dise\u00f1ado para ofrecer un estilo sofisticado y comodidad excepcional en cualquier ocasi\u00f3n. Perfecto para complementar tu guardarropa con una prenda vers\u00e1til y de alta calidad, confeccionada con materiales premium que garantizan durabilidad y un ajuste impecable. Ideal para temporadas fr\u00edas, este abrigo combina funcionalidad y moda, asegurando que siempre luzcas impecable y a la vanguardia.<\/p>\n<\/p><\/div>\n","protected":false},"excerpt":{"rendered":"<p>\ud83d\udfe5 \u00a1OFERTA ESPECIAL! \ud83d\udfe5 #Publicidad #Amazon #16 \ud83d\udd34 Abrigo cl\u00e1sico \u2705 AHORA 39.99 \u20ac \u2714\ufe0f\ud83d\udfe1 \u274c Antes 49.99 \u20ac \ud83d\uded2: https:\/\/btz.es\/5ebHwaA Descubre la elegancia atemporal con nuestro Abrigo cl\u00e1sico, dise\u00f1ado para ofrecer un estilo sofisticado y comodidad excepcional en cualquier ocasi\u00f3n. Perfecto para complementar tu guardarropa con una prenda vers\u00e1til y de alta calidad, confeccionada [&hellip;]<\/p>\n","protected":false},"featured_media":9941,"template":"","meta":{"_gspb_post_css":""},"store":[],"product_brand":[],"product_cat":[16],"product_tag":[],"class_list":{"0":"post-9942","1":"product","2":"type-product","3":"status-publish","4":"has-post-thumbnail","6":"product_cat-sin-categorizar","8":"first","9":"instock","10":"sale","11":"shipping-taxable","12":"product-type-external"},"jetpack_sharing_enabled":true,"_links":{"self":[{"href":"https:\/\/ofertacular.com\/index.php\/wp-json\/wp\/v2\/product\/9942","targetHints":{"allow":["GET"]}}],"collection":[{"href":"https:\/\/ofertacular.com\/index.php\/wp-json\/wp\/v2\/product"}],"about":[{"href":"https:\/\/ofertacular.com\/index.php\/wp-json\/wp\/v2\/types\/product"}],"wp:featuredmedia":[{"embeddable":true,"href":"https:\/\/ofertacular.com\/index.php\/wp-json\/wp\/v2\/media\/9941"}],"wp:attachment":[{"href":"https:\/\/ofertacular.com\/index.php\/wp-json\/wp\/v2\/media?parent=9942"}],"wp:term":[{"taxonomy":"store","embeddable":true,"href":"https:\/\/ofertacular.com\/index.php\/wp-json\/wp\/v2\/store?post=9942"},{"taxonomy":"product_brand","embeddable":true,"href":"https:\/\/ofertacular.com\/index.php\/wp-json\/wp\/v2\/product_brand?post=9942"},{"taxonomy":"product_cat","embeddable":true,"href":"https:\/\/ofertacular.com\/index.php\/wp-json\/wp\/v2\/product_cat?post=9942"},{"taxonomy":"product_tag","embeddable":true,"href":"https:\/\/ofertacular.com\/index.php\/wp-json\/wp\/v2\/product_tag?post=9942"}],"curies":[{"name":"wp","href":"https:\/\/api.w.org\/{rel}","templated":true}]}}