{"id":9952,"date":"2025-12-01T08:16:38","date_gmt":"2025-12-01T07:16:38","guid":{"rendered":"https:\/\/ofertacular.com\/index.php\/producto\/zapatero-estanteria-2\/"},"modified":"2025-12-01T08:16:38","modified_gmt":"2025-12-01T07:16:38","slug":"zapatero-estanteria-2","status":"publish","type":"product","link":"https:\/\/ofertacular.com\/index.php\/producto\/zapatero-estanteria-2\/","title":{"rendered":"Zapatero Estanter\u00eda"},"content":{"rendered":"<div class=\"oferta-container\">\n<p>\ud83d\udfe5 <b>EXCLUSIVO<\/b> \ud83d\udfe5 #Publicidad #Amazon #16<\/p>\n<p>\ud83d\udd34 <b>Zapatero Estanter\u00eda <\/b><\/p>\n<p>\u2705 <b>AHORA 5.99 \u20ac<\/b> \u2714\ufe0f\ud83d\udfe1<\/p>\n<p>\u274c Antes 13.99 \u20ac<\/p>\n<p>\ud83d\uded2: <a href=\"https:\/\/btz.es\/5egShSp\" target=\"_blank\" rel=\"nofollow noopener\">https:\/\/btz.es\/5egShSp<\/a><\/p>\n<p>Organiza tu calzado de manera eficiente con este zapatero estanter\u00eda de alta calidad. Con dise\u00f1o moderno y funcionalidad, es ideal para mantener tus zapatos ordenados y accesibles, optimizando el espacio en tu hogar. Fabricado con materiales resistentes, garantiza durabilidad y estilo, convirti\u00e9ndose en una pieza esencial para cualquier habitaci\u00f3n. Aprovecha esta soluci\u00f3n pr\u00e1ctica y elegante para almacenar tu calzado con comodidad.<\/p>\n<\/p><\/div>\n","protected":false},"excerpt":{"rendered":"<p>\ud83d\udfe5 EXCLUSIVO \ud83d\udfe5 #Publicidad #Amazon #16 \ud83d\udd34 Zapatero Estanter\u00eda \u2705 AHORA 5.99 \u20ac \u2714\ufe0f\ud83d\udfe1 \u274c Antes 13.99 \u20ac \ud83d\uded2: https:\/\/btz.es\/5egShSp Organiza tu calzado de manera eficiente con este zapatero estanter\u00eda de alta calidad. Con dise\u00f1o moderno y funcionalidad, es ideal para mantener tus zapatos ordenados y accesibles, optimizando el espacio en tu hogar. Fabricado con [&hellip;]<\/p>\n","protected":false},"featured_media":9951,"template":"","meta":{"_gspb_post_css":""},"store":[],"product_brand":[],"product_cat":[16],"product_tag":[],"class_list":{"0":"post-9952","1":"product","2":"type-product","3":"status-publish","4":"has-post-thumbnail","6":"product_cat-sin-categorizar","8":"first","9":"instock","10":"sale","11":"shipping-taxable","12":"product-type-external"},"jetpack_sharing_enabled":true,"_links":{"self":[{"href":"https:\/\/ofertacular.com\/index.php\/wp-json\/wp\/v2\/product\/9952","targetHints":{"allow":["GET"]}}],"collection":[{"href":"https:\/\/ofertacular.com\/index.php\/wp-json\/wp\/v2\/product"}],"about":[{"href":"https:\/\/ofertacular.com\/index.php\/wp-json\/wp\/v2\/types\/product"}],"wp:featuredmedia":[{"embeddable":true,"href":"https:\/\/ofertacular.com\/index.php\/wp-json\/wp\/v2\/media\/9951"}],"wp:attachment":[{"href":"https:\/\/ofertacular.com\/index.php\/wp-json\/wp\/v2\/media?parent=9952"}],"wp:term":[{"taxonomy":"store","embeddable":true,"href":"https:\/\/ofertacular.com\/index.php\/wp-json\/wp\/v2\/store?post=9952"},{"taxonomy":"product_brand","embeddable":true,"href":"https:\/\/ofertacular.com\/index.php\/wp-json\/wp\/v2\/product_brand?post=9952"},{"taxonomy":"product_cat","embeddable":true,"href":"https:\/\/ofertacular.com\/index.php\/wp-json\/wp\/v2\/product_cat?post=9952"},{"taxonomy":"product_tag","embeddable":true,"href":"https:\/\/ofertacular.com\/index.php\/wp-json\/wp\/v2\/product_tag?post=9952"}],"curies":[{"name":"wp","href":"https:\/\/api.w.org\/{rel}","templated":true}]}}