{"id":9956,"date":"2025-12-01T09:37:12","date_gmt":"2025-12-01T08:37:12","guid":{"rendered":"https:\/\/ofertacular.com\/index.php\/producto\/godzilla-destoroyah\/"},"modified":"2025-12-01T09:37:12","modified_gmt":"2025-12-01T08:37:12","slug":"godzilla-destoroyah","status":"publish","type":"product","link":"https:\/\/ofertacular.com\/index.php\/producto\/godzilla-destoroyah\/","title":{"rendered":"Godzilla Destoroyah"},"content":{"rendered":"<div class=\"oferta-container\">\ud83d\udfea <b>FUNKO PRECIO<\/b> \ud83d\udfea #Publicidad #Amazon\ud83d\udfe3 <b> Funko POP! Godzilla Destoroyah Figura<\/b> \u2705 <b>AHORA 15.3 \u20ac<\/b> \u2714\ufe0f\ud83d\udfe1\u274c Antes 18.00 \u20ac \u20ac \ud83d\uded2: https:\/\/btz.es\/5ehmziH\ud83d\udfe2 Ofertacular.com<\/p>\n<p>Descubre el impresionante Funko POP! Godzilla Destoroyah, una figura \u00fanica que captura todos los detalles del ic\u00f3nico monstruo de la saga Godzilla. Este coleccionable vin\u00edlico es perfecto para fans y coleccionistas que buscan a\u00f1adir piezas exclusivas a su colecci\u00f3n de figuras de monstruos. Con un dise\u00f1o fiel y acabado de alta calidad, el Funko POP! Godzilla Destoroyah es ideal para exhibir o regalar. Optimizado para entusiastas del cine y coleccionistas de figuras pop, esta figura destaca por su autenticidad y atractivo visual, posicion\u00e1ndose como uno de los mejores Funko POP! para acompa\u00f1ar tu colecci\u00f3n geek o memorabilia cinematogr\u00e1fica.<\/p>\n<\/div>\n","protected":false},"excerpt":{"rendered":"<p>\ud83d\udfea FUNKO PRECIO \ud83d\udfea #Publicidad #Amazon\ud83d\udfe3 Funko POP! Godzilla Destoroyah Figura \u2705 AHORA 15.3 \u20ac \u2714\ufe0f\ud83d\udfe1\u274c Antes 18.00 \u20ac \u20ac \ud83d\uded2: https:\/\/btz.es\/5ehmziH\ud83d\udfe2 Ofertacular.com Descubre el impresionante Funko POP! Godzilla Destoroyah, una figura \u00fanica que captura todos los detalles del ic\u00f3nico monstruo de la saga Godzilla. Este coleccionable vin\u00edlico es perfecto para fans y coleccionistas que [&hellip;]<\/p>\n","protected":false},"featured_media":9955,"template":"","meta":{"_gspb_post_css":""},"store":[],"product_brand":[],"product_cat":[16],"product_tag":[],"class_list":{"0":"post-9956","1":"product","2":"type-product","3":"status-publish","4":"has-post-thumbnail","6":"product_cat-sin-categorizar","8":"first","9":"instock","10":"sale","11":"shipping-taxable","12":"product-type-external"},"jetpack_sharing_enabled":true,"_links":{"self":[{"href":"https:\/\/ofertacular.com\/index.php\/wp-json\/wp\/v2\/product\/9956","targetHints":{"allow":["GET"]}}],"collection":[{"href":"https:\/\/ofertacular.com\/index.php\/wp-json\/wp\/v2\/product"}],"about":[{"href":"https:\/\/ofertacular.com\/index.php\/wp-json\/wp\/v2\/types\/product"}],"wp:featuredmedia":[{"embeddable":true,"href":"https:\/\/ofertacular.com\/index.php\/wp-json\/wp\/v2\/media\/9955"}],"wp:attachment":[{"href":"https:\/\/ofertacular.com\/index.php\/wp-json\/wp\/v2\/media?parent=9956"}],"wp:term":[{"taxonomy":"store","embeddable":true,"href":"https:\/\/ofertacular.com\/index.php\/wp-json\/wp\/v2\/store?post=9956"},{"taxonomy":"product_brand","embeddable":true,"href":"https:\/\/ofertacular.com\/index.php\/wp-json\/wp\/v2\/product_brand?post=9956"},{"taxonomy":"product_cat","embeddable":true,"href":"https:\/\/ofertacular.com\/index.php\/wp-json\/wp\/v2\/product_cat?post=9956"},{"taxonomy":"product_tag","embeddable":true,"href":"https:\/\/ofertacular.com\/index.php\/wp-json\/wp\/v2\/product_tag?post=9956"}],"curies":[{"name":"wp","href":"https:\/\/api.w.org\/{rel}","templated":true}]}}