{"id":9958,"date":"2025-12-01T09:44:05","date_gmt":"2025-12-01T08:44:05","guid":{"rendered":"https:\/\/ofertacular.com\/index.php\/producto\/baby-shampoo\/"},"modified":"2025-12-01T09:44:05","modified_gmt":"2025-12-01T08:44:05","slug":"baby-shampoo","status":"publish","type":"product","link":"https:\/\/ofertacular.com\/index.php\/producto\/baby-shampoo\/","title":{"rendered":"Baby Shampoo"},"content":{"rendered":"<div class=\"oferta-container\">\n<p>\ud83d\udfe5 <b>CHOLLAZO<\/b> \ud83d\udfe5 #Publicidad #Amazon #16<\/p>\n<p>\ud83d\udd34 <b>Shampoo beb\u00e9 <\/b><\/p>\n<p>\u2705 <b>AHORA 3.8 \u20ac<\/b> \u2714\ufe0f\ud83d\udfe1<\/p>\n<p>\u274c Antes 7.58 \u20ac<\/p>\n<p>\ud83d\uded2: <a href=\"https:\/\/btz.es\/5ehoiC9\" target=\"_blank\" rel=\"nofollow noopener\">https:\/\/btz.es\/5ehoiC9<\/a><\/p>\n<p>Descubre el Shampoo para beb\u00e9 de la mejor calidad, formulado especialmente para cuidar y proteger la delicada piel y cabello de los m\u00e1s peque\u00f1os. Su f\u00f3rmula suave y libre de l\u00e1grimas garantiza una limpieza efectiva sin irritar, ideal para el uso diario. Conf\u00eda en nuestra marca reconocida en cuidado infantil para brindar un ba\u00f1o seguro y placentero a tu beb\u00e9.<\/p>\n<\/p><\/div>\n","protected":false},"excerpt":{"rendered":"<p>\ud83d\udfe5 CHOLLAZO \ud83d\udfe5 #Publicidad #Amazon #16 \ud83d\udd34 Shampoo beb\u00e9 \u2705 AHORA 3.8 \u20ac \u2714\ufe0f\ud83d\udfe1 \u274c Antes 7.58 \u20ac \ud83d\uded2: https:\/\/btz.es\/5ehoiC9 Descubre el Shampoo para beb\u00e9 de la mejor calidad, formulado especialmente para cuidar y proteger la delicada piel y cabello de los m\u00e1s peque\u00f1os. Su f\u00f3rmula suave y libre de l\u00e1grimas garantiza una limpieza efectiva [&hellip;]<\/p>\n","protected":false},"featured_media":9957,"template":"","meta":{"_gspb_post_css":""},"store":[],"product_brand":[],"product_cat":[16],"product_tag":[],"class_list":{"0":"post-9958","1":"product","2":"type-product","3":"status-publish","4":"has-post-thumbnail","6":"product_cat-sin-categorizar","8":"first","9":"instock","10":"sale","11":"shipping-taxable","12":"product-type-external"},"jetpack_sharing_enabled":true,"_links":{"self":[{"href":"https:\/\/ofertacular.com\/index.php\/wp-json\/wp\/v2\/product\/9958","targetHints":{"allow":["GET"]}}],"collection":[{"href":"https:\/\/ofertacular.com\/index.php\/wp-json\/wp\/v2\/product"}],"about":[{"href":"https:\/\/ofertacular.com\/index.php\/wp-json\/wp\/v2\/types\/product"}],"wp:featuredmedia":[{"embeddable":true,"href":"https:\/\/ofertacular.com\/index.php\/wp-json\/wp\/v2\/media\/9957"}],"wp:attachment":[{"href":"https:\/\/ofertacular.com\/index.php\/wp-json\/wp\/v2\/media?parent=9958"}],"wp:term":[{"taxonomy":"store","embeddable":true,"href":"https:\/\/ofertacular.com\/index.php\/wp-json\/wp\/v2\/store?post=9958"},{"taxonomy":"product_brand","embeddable":true,"href":"https:\/\/ofertacular.com\/index.php\/wp-json\/wp\/v2\/product_brand?post=9958"},{"taxonomy":"product_cat","embeddable":true,"href":"https:\/\/ofertacular.com\/index.php\/wp-json\/wp\/v2\/product_cat?post=9958"},{"taxonomy":"product_tag","embeddable":true,"href":"https:\/\/ofertacular.com\/index.php\/wp-json\/wp\/v2\/product_tag?post=9958"}],"curies":[{"name":"wp","href":"https:\/\/api.w.org\/{rel}","templated":true}]}}