{"id":9960,"date":"2025-12-01T09:47:09","date_gmt":"2025-12-01T08:47:09","guid":{"rendered":"https:\/\/ofertacular.com\/index.php\/producto\/1005010162129088-2\/"},"modified":"2025-12-01T09:47:09","modified_gmt":"2025-12-01T08:47:09","slug":"1005010162129088-2","status":"publish","type":"product","link":"https:\/\/ofertacular.com\/index.php\/producto\/1005010162129088-2\/","title":{"rendered":"Xiaomi TV"},"content":{"rendered":"<div class=\"oferta-container\">\n<p>\ud83d\udfe5 <b>DESCUENTAZO<\/b> \ud83d\udfe5 #Publicidad #Amazon #<\/p>\n<p>\ud83d\udd34 <b>Televisor Xiaomi Xiaomi<\/b><\/p>\n<p>\u2705 <b>AHORA 99.00 \u20ac<\/b> \u2714\ufe0f\ud83d\udfe1<\/p>\n<p>\u274c Antes 422.88 \u20ac<\/p>\n<p>\ud83c\udf9f Cup\u00f3n ESBF14<\/p>\n<p>\ud83d\uded2: <a href=\"https:\/\/btz.es\/5ehoUSV\" target=\"_blank\" rel=\"nofollow noopener\">https:\/\/btz.es\/5ehoUSV<\/a><\/p>\n<p>La Televisi\u00f3n Xiaomi ha llegado para transformar la manera en la que experimentas tu entretenimiento diario. Con su dise\u00f1o compacto y elegante, este televisor no solo se ve genial en cualquier habitaci\u00f3n, sino que tambi\u00e9n integra tecnolog\u00eda de punta para ofrecerte una experiencia visual excepcional. Este modelo es ideal para quienes buscan calidad de imagen sin comprometer el espacio, gracias a su tama\u00f1o adaptable.<\/p>\n<\/p><\/div>\n","protected":false},"excerpt":{"rendered":"<p>\ud83d\udfe5 DESCUENTAZO \ud83d\udfe5 #Publicidad #Amazon # \ud83d\udd34 Televisor Xiaomi Xiaomi \u2705 AHORA 99.00 \u20ac \u2714\ufe0f\ud83d\udfe1 \u274c Antes 422.88 \u20ac \ud83c\udf9f Cup\u00f3n ESBF14 \ud83d\uded2: https:\/\/btz.es\/5ehoUSV La Televisi\u00f3n Xiaomi ha llegado para transformar la manera en la que experimentas tu entretenimiento diario. Con su dise\u00f1o compacto y elegante, este televisor no solo se ve genial en cualquier [&hellip;]<\/p>\n","protected":false},"featured_media":9959,"template":"","meta":{"_gspb_post_css":""},"store":[],"product_brand":[],"product_cat":[16],"product_tag":[],"class_list":{"0":"post-9960","1":"product","2":"type-product","3":"status-publish","4":"has-post-thumbnail","6":"product_cat-sin-categorizar","8":"first","9":"instock","10":"sale","11":"shipping-taxable","12":"product-type-external"},"jetpack_sharing_enabled":true,"_links":{"self":[{"href":"https:\/\/ofertacular.com\/index.php\/wp-json\/wp\/v2\/product\/9960","targetHints":{"allow":["GET"]}}],"collection":[{"href":"https:\/\/ofertacular.com\/index.php\/wp-json\/wp\/v2\/product"}],"about":[{"href":"https:\/\/ofertacular.com\/index.php\/wp-json\/wp\/v2\/types\/product"}],"wp:featuredmedia":[{"embeddable":true,"href":"https:\/\/ofertacular.com\/index.php\/wp-json\/wp\/v2\/media\/9959"}],"wp:attachment":[{"href":"https:\/\/ofertacular.com\/index.php\/wp-json\/wp\/v2\/media?parent=9960"}],"wp:term":[{"taxonomy":"store","embeddable":true,"href":"https:\/\/ofertacular.com\/index.php\/wp-json\/wp\/v2\/store?post=9960"},{"taxonomy":"product_brand","embeddable":true,"href":"https:\/\/ofertacular.com\/index.php\/wp-json\/wp\/v2\/product_brand?post=9960"},{"taxonomy":"product_cat","embeddable":true,"href":"https:\/\/ofertacular.com\/index.php\/wp-json\/wp\/v2\/product_cat?post=9960"},{"taxonomy":"product_tag","embeddable":true,"href":"https:\/\/ofertacular.com\/index.php\/wp-json\/wp\/v2\/product_tag?post=9960"}],"curies":[{"name":"wp","href":"https:\/\/api.w.org\/{rel}","templated":true}]}}