{"id":9968,"date":"2025-12-01T10:11:32","date_gmt":"2025-12-01T09:11:32","guid":{"rendered":"https:\/\/ofertacular.com\/index.php\/producto\/nivea-roll-on\/"},"modified":"2025-12-01T10:11:32","modified_gmt":"2025-12-01T09:11:32","slug":"nivea-roll-on","status":"publish","type":"product","link":"https:\/\/ofertacular.com\/index.php\/producto\/nivea-roll-on\/","title":{"rendered":"NIVEA Roll-on"},"content":{"rendered":"<div class=\"oferta-container\">\n<p>\ud83d\udfe5 <b>SUPER OFERTA<\/b> \ud83d\udfe5 #Publicidad #Amazon #16<\/p>\n<p>\ud83d\udd34 <b>Desodorante Roll-on <\/b><\/p>\n<p>\u2705 <b>AHORA 8.98 \u20ac<\/b> \u2714\ufe0f\ud83d\udfe1<\/p>\n<p>\u274c Antes 15.00 \u20ac<\/p>\n<p>\ud83d\uded2: <a href=\"https:\/\/btz.es\/5ehvd0R\" target=\"_blank\" rel=\"nofollow noopener\">https:\/\/btz.es\/5ehvd0R<\/a><\/p>\n<p>Descubre la eficacia del desodorante NIVEA Roll-on, dise\u00f1ado especialmente para brindarte protecci\u00f3n duradera contra el sudor y el mal olor. Su f\u00f3rmula suave cuida tu piel y deja una sensaci\u00f3n fresca durante todo el d\u00eda. Ideal para uso diario, este desodorante garantiza confianza y comodidad, manteniendo tu piel hidratada y protegida. Consigue el cuidado y frescura que mereces con NIVEA, una marca l\u00edder en productos de cuidado personal.<\/p>\n<\/p><\/div>\n","protected":false},"excerpt":{"rendered":"<p>\ud83d\udfe5 SUPER OFERTA \ud83d\udfe5 #Publicidad #Amazon #16 \ud83d\udd34 Desodorante Roll-on \u2705 AHORA 8.98 \u20ac \u2714\ufe0f\ud83d\udfe1 \u274c Antes 15.00 \u20ac \ud83d\uded2: https:\/\/btz.es\/5ehvd0R Descubre la eficacia del desodorante NIVEA Roll-on, dise\u00f1ado especialmente para brindarte protecci\u00f3n duradera contra el sudor y el mal olor. Su f\u00f3rmula suave cuida tu piel y deja una sensaci\u00f3n fresca durante todo el [&hellip;]<\/p>\n","protected":false},"featured_media":9967,"template":"","meta":{"_gspb_post_css":""},"store":[],"product_brand":[],"product_cat":[16],"product_tag":[],"class_list":{"0":"post-9968","1":"product","2":"type-product","3":"status-publish","4":"has-post-thumbnail","6":"product_cat-sin-categorizar","8":"first","9":"instock","10":"sale","11":"shipping-taxable","12":"product-type-external"},"jetpack_sharing_enabled":true,"_links":{"self":[{"href":"https:\/\/ofertacular.com\/index.php\/wp-json\/wp\/v2\/product\/9968","targetHints":{"allow":["GET"]}}],"collection":[{"href":"https:\/\/ofertacular.com\/index.php\/wp-json\/wp\/v2\/product"}],"about":[{"href":"https:\/\/ofertacular.com\/index.php\/wp-json\/wp\/v2\/types\/product"}],"wp:featuredmedia":[{"embeddable":true,"href":"https:\/\/ofertacular.com\/index.php\/wp-json\/wp\/v2\/media\/9967"}],"wp:attachment":[{"href":"https:\/\/ofertacular.com\/index.php\/wp-json\/wp\/v2\/media?parent=9968"}],"wp:term":[{"taxonomy":"store","embeddable":true,"href":"https:\/\/ofertacular.com\/index.php\/wp-json\/wp\/v2\/store?post=9968"},{"taxonomy":"product_brand","embeddable":true,"href":"https:\/\/ofertacular.com\/index.php\/wp-json\/wp\/v2\/product_brand?post=9968"},{"taxonomy":"product_cat","embeddable":true,"href":"https:\/\/ofertacular.com\/index.php\/wp-json\/wp\/v2\/product_cat?post=9968"},{"taxonomy":"product_tag","embeddable":true,"href":"https:\/\/ofertacular.com\/index.php\/wp-json\/wp\/v2\/product_tag?post=9968"}],"curies":[{"name":"wp","href":"https:\/\/api.w.org\/{rel}","templated":true}]}}