{"id":9970,"date":"2025-12-01T10:13:46","date_gmt":"2025-12-01T09:13:46","guid":{"rendered":"https:\/\/ofertacular.com\/index.php\/producto\/1005006304312199\/"},"modified":"2025-12-01T10:13:46","modified_gmt":"2025-12-01T09:13:46","slug":"1005006304312199","status":"publish","type":"product","link":"https:\/\/ofertacular.com\/index.php\/producto\/1005006304312199\/","title":{"rendered":"BSC200 GPS"},"content":{"rendered":"<div class=\"oferta-container\">\n<p>\ud83d\udfe5 <b>\u00a1S\u00d3LO HOY!<\/b> \ud83d\udfe5 #Publicidad #Amazon #<\/p>\n<p>\ud83d\udd34 <b>Cicl\u00f3metro BSC200 BSC<\/b><\/p>\n<p>\u2705 <b>AHORA 25.17 \u20ac<\/b> \u2714\ufe0f\ud83d\udfe1<\/p>\n<p>\u274c Antes 131.38 \u20ac<\/p>\n<p>\ud83c\udf9f Cup\u00f3n ESBF04<\/p>\n<p>\ud83d\uded2: <a href=\"https:\/\/btz.es\/5ehvC5b\" target=\"_blank\" rel=\"nofollow noopener\">https:\/\/btz.es\/5ehvC5b<\/a><\/p>\n<p>\u00bfBuscas un compa\u00f1ero fiel para tus aventuras en bicicleta? El ciclocomputador inal\u00e1mbrico BSC200 es la soluci\u00f3n perfecta para ciclistas de todos los niveles, desde principiantes hasta expertos. Este dispositivo compacto y de f\u00e1cil instalaci\u00f3n no solo mide la velocidad y la distancia recorrida, sino que tambi\u00e9n ofrece un conjunto de funciones avanzadas que te ayudar\u00e1n a mejorar tu rendimiento y disfrutar m\u00e1s de cada ruta.<\/p>\n<p>La tecnolog\u00eda GPS de \u00faltima generaci\u00f3n del BSC200 permite un rastreo preciso de tu ubicaci\u00f3n, asegurando que siempre conozcas la ruta que has tomado y la distancia recorrida. Sin necesidad de cables, este dispositivo se conecta de forma sencilla a tu bicicleta, lo que lo hace ideal para ciclistas que aprecian la comodidad y la eficiencia. Con su pantalla clara y f\u00e1cil de leer, podr\u00e1s consultar tus estad\u00edsticas en tiempo real sin distraerte demasiado de la carretera. <\/p>\n<p>Una de las caracter\u00edsticas destacadas de este ciclocomputador es su resistencia al agua, lo que significa que puedes seguir utilizando el BSC200 en cualquier tipo de clima. No dejes que la lluvia arruine tu paseo; este dispositivo est\u00e1 dise\u00f1ado para resistir las inclemencias del tiempo, brind\u00e1ndote la libertad de pedalear bajo cualquier circunstancia.<\/p>\n<p>Adem\u00e1s, el BSC200 tambi\u00e9n cuenta con funcionalidades de seguimiento del ritmo cardiaco y calor\u00edas quemadas, permiti\u00e9ndote establecer objetivos de entrenamiento y monitorizar tu progreso. Gracias a su conectividad Bluetooth, puedes sincronizar el ciclocomputador con tu smartphone para acceder a informes detallados de tu rendimiento a trav\u00e9s de una app dedicada. Esto te permite evaluar tendencias a lo largo del tiempo y hacer mejoras significativas en tu entrenamiento. <\/p>\n<p>El ciclocomputador incorpora un modo de ahorro de energ\u00eda, lo que garantiza que la bater\u00eda dure m\u00e1s tiempo, permiti\u00e9ndote disfrutar de rutas largas sin preocupaciones. Sabemos lo frustrante que es quedarse sin bater\u00eda en medio de una salida, por lo que este aspecto destaca la preocupaci\u00f3n de BSC para brindarte un dispositivo eficiente y confiable.<\/p>\n<p>Dise\u00f1ado pensando en el ciclista moderno, el BSC200 tambi\u00e9n incluye un sistema de alertas para recibir notificaciones de llamadas y mensajes mientras pedaleas. Esto significa que estar\u00e1s siempre conectado sin necesidad de desviar tu atenci\u00f3n de la carretera. El dise\u00f1o ergon\u00f3mico y el peso ligero permiten una integraci\u00f3n perfecta con cualquier tipo de bicicleta, ya sea de monta\u00f1a, de carrera o urbana.<\/p>\n<p>Aprovecha tambi\u00e9n sus capacidades de almacenamiento, que te permiten guardar tus datos de actividad y revisarlos en cualquier momento. Los ciclistas serios comprender\u00e1n la importancia de tener un registro detallado de sus rutas, que incluso puede servir para competir contra tus propios registros anteriores. <\/p>\n<p>La instalaci\u00f3n del BSC200 es r\u00e1pida y sencilla, y no requerir\u00e1s herramientas complicadas. En pocos minutos, tendr\u00e1s tu dispositivo listo para el uso, permiti\u00e9ndote salir a la carretera casi al instante. Adem\u00e1s, con un manual de usuario claro y accesible, tendr\u00e1s toda la informaci\u00f3n necesaria para sacarle el m\u00e1ximo partido desde el primer uso. <\/p>\n<p>Por \u00faltimo, no olvides que, gracias a su dise\u00f1o moderno y elegante, el BSC200 no solo es funcional, sino que tambi\u00e9n complementa la est\u00e9tica de tu bicicleta. Disponible en varios colores, podr\u00e1s elegir el que mejor se adapte a tu estilo personal.<\/p>\n<p>En conclusi\u00f3n, el BSC200 es m\u00e1s que un simple ciclocomputador; es una herramienta indispensable para cualquier ciclista que busca mejorar su rendimiento, mantenerse conectado y disfrutar al m\u00e1ximo de cada pedaleada. No te pierdas la oportunidad de llevar tu experiencia en bicicleta a un nuevo nivel con el ciclocomputador BSC200. \u00a1Comienza hoy mismo tu aventura y descubre hasta d\u00f3nde puedes llegar!<\/p>\n<\/p><\/div>\n","protected":false},"excerpt":{"rendered":"<p>\ud83d\udfe5 \u00a1S\u00d3LO HOY! \ud83d\udfe5 #Publicidad #Amazon # \ud83d\udd34 Cicl\u00f3metro BSC200 BSC \u2705 AHORA 25.17 \u20ac \u2714\ufe0f\ud83d\udfe1 \u274c Antes 131.38 \u20ac \ud83c\udf9f Cup\u00f3n ESBF04 \ud83d\uded2: https:\/\/btz.es\/5ehvC5b \u00bfBuscas un compa\u00f1ero fiel para tus aventuras en bicicleta? El ciclocomputador inal\u00e1mbrico BSC200 es la soluci\u00f3n perfecta para ciclistas de todos los niveles, desde principiantes hasta expertos. Este dispositivo compacto [&hellip;]<\/p>\n","protected":false},"featured_media":9969,"template":"","meta":{"_gspb_post_css":""},"store":[],"product_brand":[],"product_cat":[16],"product_tag":[],"class_list":{"0":"post-9970","1":"product","2":"type-product","3":"status-publish","4":"has-post-thumbnail","6":"product_cat-sin-categorizar","8":"first","9":"instock","10":"sale","11":"shipping-taxable","12":"product-type-external"},"jetpack_sharing_enabled":true,"_links":{"self":[{"href":"https:\/\/ofertacular.com\/index.php\/wp-json\/wp\/v2\/product\/9970","targetHints":{"allow":["GET"]}}],"collection":[{"href":"https:\/\/ofertacular.com\/index.php\/wp-json\/wp\/v2\/product"}],"about":[{"href":"https:\/\/ofertacular.com\/index.php\/wp-json\/wp\/v2\/types\/product"}],"wp:featuredmedia":[{"embeddable":true,"href":"https:\/\/ofertacular.com\/index.php\/wp-json\/wp\/v2\/media\/9969"}],"wp:attachment":[{"href":"https:\/\/ofertacular.com\/index.php\/wp-json\/wp\/v2\/media?parent=9970"}],"wp:term":[{"taxonomy":"store","embeddable":true,"href":"https:\/\/ofertacular.com\/index.php\/wp-json\/wp\/v2\/store?post=9970"},{"taxonomy":"product_brand","embeddable":true,"href":"https:\/\/ofertacular.com\/index.php\/wp-json\/wp\/v2\/product_brand?post=9970"},{"taxonomy":"product_cat","embeddable":true,"href":"https:\/\/ofertacular.com\/index.php\/wp-json\/wp\/v2\/product_cat?post=9970"},{"taxonomy":"product_tag","embeddable":true,"href":"https:\/\/ofertacular.com\/index.php\/wp-json\/wp\/v2\/product_tag?post=9970"}],"curies":[{"name":"wp","href":"https:\/\/api.w.org\/{rel}","templated":true}]}}