{"id":9976,"date":"2025-12-01T11:23:42","date_gmt":"2025-12-01T10:23:42","guid":{"rendered":"https:\/\/ofertacular.com\/index.php\/producto\/boruto-funko\/"},"modified":"2025-12-01T11:23:42","modified_gmt":"2025-12-01T10:23:42","slug":"boruto-funko","status":"publish","type":"product","link":"https:\/\/ofertacular.com\/index.php\/producto\/boruto-funko\/","title":{"rendered":"Boruto Funko"},"content":{"rendered":"<div class=\"oferta-container\">\ud83d\udfea <b>FUNKAZO<\/b> \ud83d\udfea #Publicidad #Amazon\ud83d\udfe3 <b> Funko Boruto Boruto Uzumaki<\/b> \u2705 <b>AHORA 11.16 \u20ac<\/b> \u2714\ufe0f\ud83d\udfe1\u274c Antes 16.00 \u20ac \u20ac \ud83d\uded2: https:\/\/btz.es\/5ehDn08\ud83d\udfe2 Ofertacular.com<\/p>\n<p>Descubre el Funko Boruto Uzumaki, una figura imprescindible para los fans del anime Boruto y Naruto. Esta figura coleccionable captura con detalle la esencia din\u00e1mica del personaje, perfecta para exhibir en tu colecci\u00f3n personal o regalar a amantes del manga y anime. Optimizada para coleccionistas y entusiastas del g\u00e9nero shonen, esta figura aporta un toque aut\u00e9ntico y vibrante a cualquier estanter\u00eda. Consigue ya el Funko Boruto Uzumaki y haz que tu colecci\u00f3n destaque con calidad y estilo. Ideal para colecciones de anime, figuras pop y regalos \u00fanicos para fans.<\/p>\n<\/div>\n","protected":false},"excerpt":{"rendered":"<p>\ud83d\udfea FUNKAZO \ud83d\udfea #Publicidad #Amazon\ud83d\udfe3 Funko Boruto Boruto Uzumaki \u2705 AHORA 11.16 \u20ac \u2714\ufe0f\ud83d\udfe1\u274c Antes 16.00 \u20ac \u20ac \ud83d\uded2: https:\/\/btz.es\/5ehDn08\ud83d\udfe2 Ofertacular.com Descubre el Funko Boruto Uzumaki, una figura imprescindible para los fans del anime Boruto y Naruto. Esta figura coleccionable captura con detalle la esencia din\u00e1mica del personaje, perfecta para exhibir en tu colecci\u00f3n personal [&hellip;]<\/p>\n","protected":false},"featured_media":9975,"template":"","meta":{"_gspb_post_css":""},"store":[],"product_brand":[],"product_cat":[16],"product_tag":[],"class_list":{"0":"post-9976","1":"product","2":"type-product","3":"status-publish","4":"has-post-thumbnail","6":"product_cat-sin-categorizar","8":"first","9":"instock","10":"sale","11":"shipping-taxable","12":"product-type-external"},"jetpack_sharing_enabled":true,"_links":{"self":[{"href":"https:\/\/ofertacular.com\/index.php\/wp-json\/wp\/v2\/product\/9976","targetHints":{"allow":["GET"]}}],"collection":[{"href":"https:\/\/ofertacular.com\/index.php\/wp-json\/wp\/v2\/product"}],"about":[{"href":"https:\/\/ofertacular.com\/index.php\/wp-json\/wp\/v2\/types\/product"}],"wp:featuredmedia":[{"embeddable":true,"href":"https:\/\/ofertacular.com\/index.php\/wp-json\/wp\/v2\/media\/9975"}],"wp:attachment":[{"href":"https:\/\/ofertacular.com\/index.php\/wp-json\/wp\/v2\/media?parent=9976"}],"wp:term":[{"taxonomy":"store","embeddable":true,"href":"https:\/\/ofertacular.com\/index.php\/wp-json\/wp\/v2\/store?post=9976"},{"taxonomy":"product_brand","embeddable":true,"href":"https:\/\/ofertacular.com\/index.php\/wp-json\/wp\/v2\/product_brand?post=9976"},{"taxonomy":"product_cat","embeddable":true,"href":"https:\/\/ofertacular.com\/index.php\/wp-json\/wp\/v2\/product_cat?post=9976"},{"taxonomy":"product_tag","embeddable":true,"href":"https:\/\/ofertacular.com\/index.php\/wp-json\/wp\/v2\/product_tag?post=9976"}],"curies":[{"name":"wp","href":"https:\/\/api.w.org\/{rel}","templated":true}]}}