{"id":9980,"date":"2025-12-01T11:44:08","date_gmt":"2025-12-01T10:44:08","guid":{"rendered":"https:\/\/ofertacular.com\/index.php\/producto\/dolce-gusto-3\/"},"modified":"2025-12-01T11:44:08","modified_gmt":"2025-12-01T10:44:08","slug":"dolce-gusto-3","status":"publish","type":"product","link":"https:\/\/ofertacular.com\/index.php\/producto\/dolce-gusto-3\/","title":{"rendered":"Dolce Gusto"},"content":{"rendered":"<div class=\"oferta-container\">\n<p>\ud83d\udfe5 <b>DESCUENTAZO<\/b> \ud83d\udfe5 #Publicidad #Amazon #16<\/p>\n<p>\ud83d\udd34 <b>Cafetera Dolce Gusto <\/b><\/p>\n<p>\u2705 <b>AHORA 54 \u20ac<\/b> \u2714\ufe0f\ud83d\udfe1<\/p>\n<p>\u274c Antes 84.99 \u20ac<\/p>\n<p>\ud83d\uded2: <a href=\"https:\/\/btz.es\/5ehIwCZ\" target=\"_blank\" rel=\"nofollow noopener\">https:\/\/btz.es\/5ehIwCZ<\/a><\/p>\n<p>Descubre la cafetera Dolce Gusto, un sistema innovador que te permite preparar una amplia variedad de bebidas de caf\u00e9 con solo un clic. Ideal para amantes del caf\u00e9 que buscan calidad y comodidad en cada taza. Con su dise\u00f1o compacto y moderno, es la elecci\u00f3n perfecta para hogares y oficinas, garantizando sabor excepcional y facilidad de uso. Compra ahora y disfruta de una experiencia cafetera superior con Dolce Gusto.<\/p>\n<\/p><\/div>\n","protected":false},"excerpt":{"rendered":"<p>\ud83d\udfe5 DESCUENTAZO \ud83d\udfe5 #Publicidad #Amazon #16 \ud83d\udd34 Cafetera Dolce Gusto \u2705 AHORA 54 \u20ac \u2714\ufe0f\ud83d\udfe1 \u274c Antes 84.99 \u20ac \ud83d\uded2: https:\/\/btz.es\/5ehIwCZ Descubre la cafetera Dolce Gusto, un sistema innovador que te permite preparar una amplia variedad de bebidas de caf\u00e9 con solo un clic. Ideal para amantes del caf\u00e9 que buscan calidad y comodidad en [&hellip;]<\/p>\n","protected":false},"featured_media":9979,"template":"","meta":{"_gspb_post_css":""},"store":[],"product_brand":[],"product_cat":[16],"product_tag":[],"class_list":{"0":"post-9980","1":"product","2":"type-product","3":"status-publish","4":"has-post-thumbnail","6":"product_cat-sin-categorizar","8":"first","9":"instock","10":"sale","11":"shipping-taxable","12":"product-type-external"},"jetpack_sharing_enabled":true,"_links":{"self":[{"href":"https:\/\/ofertacular.com\/index.php\/wp-json\/wp\/v2\/product\/9980","targetHints":{"allow":["GET"]}}],"collection":[{"href":"https:\/\/ofertacular.com\/index.php\/wp-json\/wp\/v2\/product"}],"about":[{"href":"https:\/\/ofertacular.com\/index.php\/wp-json\/wp\/v2\/types\/product"}],"wp:featuredmedia":[{"embeddable":true,"href":"https:\/\/ofertacular.com\/index.php\/wp-json\/wp\/v2\/media\/9979"}],"wp:attachment":[{"href":"https:\/\/ofertacular.com\/index.php\/wp-json\/wp\/v2\/media?parent=9980"}],"wp:term":[{"taxonomy":"store","embeddable":true,"href":"https:\/\/ofertacular.com\/index.php\/wp-json\/wp\/v2\/store?post=9980"},{"taxonomy":"product_brand","embeddable":true,"href":"https:\/\/ofertacular.com\/index.php\/wp-json\/wp\/v2\/product_brand?post=9980"},{"taxonomy":"product_cat","embeddable":true,"href":"https:\/\/ofertacular.com\/index.php\/wp-json\/wp\/v2\/product_cat?post=9980"},{"taxonomy":"product_tag","embeddable":true,"href":"https:\/\/ofertacular.com\/index.php\/wp-json\/wp\/v2\/product_tag?post=9980"}],"curies":[{"name":"wp","href":"https:\/\/api.w.org\/{rel}","templated":true}]}}