{"id":9986,"date":"2025-12-01T13:39:25","date_gmt":"2025-12-01T12:39:25","guid":{"rendered":"https:\/\/ofertacular.com\/index.php\/producto\/angelus-figure\/"},"modified":"2025-12-01T13:39:25","modified_gmt":"2025-12-01T12:39:25","slug":"angelus-figure","status":"publish","type":"product","link":"https:\/\/ofertacular.com\/index.php\/producto\/angelus-figure\/","title":{"rendered":"Angelus Figure"},"content":{"rendered":"<div class=\"oferta-container\">\ud83d\udfea <b>FUNKO OFERTA<\/b> \ud83d\udfea #Publicidad #Amazon\ud83d\udfe3 <b> Funko Angelus Angelus Figure<\/b> \u2705 <b>AHORA 13.6 \u20ac<\/b> \u2714\ufe0f\ud83d\udfe1\u274c Antes 16.00 \u20ac \u20ac \ud83d\uded2: https:\/\/btz.es\/5eilxX5\ud83d\udfe2 Ofertacular.com<\/p>\n<p>Descubre la exclusiva figura Funko Angelus, un imprescindible para coleccionistas y fans de figuras de vinilo \u00fanicas. Esta pieza destaca por su dise\u00f1o detallado y calidad excepcional, perfecta para exhibir o regalar. Optimizada para coleccionistas de figuras y aficionados al mundo de los toys, la figura Funko Angelus se convierte en una joya imprescindible para tu colecci\u00f3n. Consigue la mejor selecci\u00f3n en figuras Funko con la garant\u00eda de autenticidad y estilo que solo Funko ofrece.<\/p>\n<\/div>\n","protected":false},"excerpt":{"rendered":"<p>\ud83d\udfea FUNKO OFERTA \ud83d\udfea #Publicidad #Amazon\ud83d\udfe3 Funko Angelus Angelus Figure \u2705 AHORA 13.6 \u20ac \u2714\ufe0f\ud83d\udfe1\u274c Antes 16.00 \u20ac \u20ac \ud83d\uded2: https:\/\/btz.es\/5eilxX5\ud83d\udfe2 Ofertacular.com Descubre la exclusiva figura Funko Angelus, un imprescindible para coleccionistas y fans de figuras de vinilo \u00fanicas. Esta pieza destaca por su dise\u00f1o detallado y calidad excepcional, perfecta para exhibir o regalar. Optimizada [&hellip;]<\/p>\n","protected":false},"featured_media":9985,"template":"","meta":{"_gspb_post_css":""},"store":[],"product_brand":[],"product_cat":[16],"product_tag":[],"class_list":{"0":"post-9986","1":"product","2":"type-product","3":"status-publish","4":"has-post-thumbnail","6":"product_cat-sin-categorizar","8":"first","9":"instock","10":"sale","11":"shipping-taxable","12":"product-type-external"},"jetpack_sharing_enabled":true,"_links":{"self":[{"href":"https:\/\/ofertacular.com\/index.php\/wp-json\/wp\/v2\/product\/9986","targetHints":{"allow":["GET"]}}],"collection":[{"href":"https:\/\/ofertacular.com\/index.php\/wp-json\/wp\/v2\/product"}],"about":[{"href":"https:\/\/ofertacular.com\/index.php\/wp-json\/wp\/v2\/types\/product"}],"wp:featuredmedia":[{"embeddable":true,"href":"https:\/\/ofertacular.com\/index.php\/wp-json\/wp\/v2\/media\/9985"}],"wp:attachment":[{"href":"https:\/\/ofertacular.com\/index.php\/wp-json\/wp\/v2\/media?parent=9986"}],"wp:term":[{"taxonomy":"store","embeddable":true,"href":"https:\/\/ofertacular.com\/index.php\/wp-json\/wp\/v2\/store?post=9986"},{"taxonomy":"product_brand","embeddable":true,"href":"https:\/\/ofertacular.com\/index.php\/wp-json\/wp\/v2\/product_brand?post=9986"},{"taxonomy":"product_cat","embeddable":true,"href":"https:\/\/ofertacular.com\/index.php\/wp-json\/wp\/v2\/product_cat?post=9986"},{"taxonomy":"product_tag","embeddable":true,"href":"https:\/\/ofertacular.com\/index.php\/wp-json\/wp\/v2\/product_tag?post=9986"}],"curies":[{"name":"wp","href":"https:\/\/api.w.org\/{rel}","templated":true}]}}