{"id":9992,"date":"2025-12-03T10:47:29","date_gmt":"2025-12-03T09:47:29","guid":{"rendered":"https:\/\/ofertacular.com\/index.php\/producto\/nike-revolution-13\/"},"modified":"2025-12-03T10:47:29","modified_gmt":"2025-12-03T09:47:29","slug":"nike-revolution-13","status":"publish","type":"product","link":"https:\/\/ofertacular.com\/index.php\/producto\/nike-revolution-13\/","title":{"rendered":"Nike Revolution"},"content":{"rendered":"<div class=\"oferta-container\">\n<p>\ud83d\udfe5 <b>\u00a1DESCUENTO \u00daNICO!<\/b> \ud83d\udfe5 #Publicidad #Amazon #16<\/p>\n<p>\ud83d\udd34 <b>Zapatillas Nike <\/b><\/p>\n<p>\u2705 <b>AHORA 38.99 \u20ac<\/b> \u2714\ufe0f\ud83d\udfe1<\/p>\n<p>\u274c Antes 64.99 \u20ac<\/p>\n<p>\ud83d\uded2: <a href=\"https:\/\/btz.es\/5etlj6g\" target=\"_blank\" rel=\"nofollow noopener\">https:\/\/btz.es\/5etlj6g<\/a><\/p>\n<p>Descubre la comodidad y el estilo con las Zapatillas Nike Revolution, dise\u00f1adas para ofrecer un rendimiento excepcional en cada paso. Perfectas para corredores y entusiastas del fitness que buscan calidad y durabilidad. Aprovecha la tecnolog\u00eda avanzada de Nike en un dise\u00f1o moderno que destaca en cualquier actividad deportiva o d\u00eda a d\u00eda.<\/p>\n<\/p><\/div>\n","protected":false},"excerpt":{"rendered":"<p>\ud83d\udfe5 \u00a1DESCUENTO \u00daNICO! \ud83d\udfe5 #Publicidad #Amazon #16 \ud83d\udd34 Zapatillas Nike \u2705 AHORA 38.99 \u20ac \u2714\ufe0f\ud83d\udfe1 \u274c Antes 64.99 \u20ac \ud83d\uded2: https:\/\/btz.es\/5etlj6g Descubre la comodidad y el estilo con las Zapatillas Nike Revolution, dise\u00f1adas para ofrecer un rendimiento excepcional en cada paso. Perfectas para corredores y entusiastas del fitness que buscan calidad y durabilidad. Aprovecha la [&hellip;]<\/p>\n","protected":false},"featured_media":9991,"template":"","meta":{"_gspb_post_css":""},"store":[],"product_brand":[],"product_cat":[16],"product_tag":[],"class_list":{"0":"post-9992","1":"product","2":"type-product","3":"status-publish","4":"has-post-thumbnail","6":"product_cat-sin-categorizar","8":"first","9":"instock","10":"sale","11":"shipping-taxable","12":"product-type-external"},"jetpack_sharing_enabled":true,"_links":{"self":[{"href":"https:\/\/ofertacular.com\/index.php\/wp-json\/wp\/v2\/product\/9992","targetHints":{"allow":["GET"]}}],"collection":[{"href":"https:\/\/ofertacular.com\/index.php\/wp-json\/wp\/v2\/product"}],"about":[{"href":"https:\/\/ofertacular.com\/index.php\/wp-json\/wp\/v2\/types\/product"}],"wp:featuredmedia":[{"embeddable":true,"href":"https:\/\/ofertacular.com\/index.php\/wp-json\/wp\/v2\/media\/9991"}],"wp:attachment":[{"href":"https:\/\/ofertacular.com\/index.php\/wp-json\/wp\/v2\/media?parent=9992"}],"wp:term":[{"taxonomy":"store","embeddable":true,"href":"https:\/\/ofertacular.com\/index.php\/wp-json\/wp\/v2\/store?post=9992"},{"taxonomy":"product_brand","embeddable":true,"href":"https:\/\/ofertacular.com\/index.php\/wp-json\/wp\/v2\/product_brand?post=9992"},{"taxonomy":"product_cat","embeddable":true,"href":"https:\/\/ofertacular.com\/index.php\/wp-json\/wp\/v2\/product_cat?post=9992"},{"taxonomy":"product_tag","embeddable":true,"href":"https:\/\/ofertacular.com\/index.php\/wp-json\/wp\/v2\/product_tag?post=9992"}],"curies":[{"name":"wp","href":"https:\/\/api.w.org\/{rel}","templated":true}]}}