{"id":9994,"date":"2025-12-03T11:12:25","date_gmt":"2025-12-03T10:12:25","guid":{"rendered":"https:\/\/ofertacular.com\/index.php\/producto\/levis-tee-6\/"},"modified":"2025-12-03T11:12:25","modified_gmt":"2025-12-03T10:12:25","slug":"levis-tee-6","status":"publish","type":"product","link":"https:\/\/ofertacular.com\/index.php\/producto\/levis-tee-6\/","title":{"rendered":"Levi&#8217;s Tee"},"content":{"rendered":"<div class=\"oferta-container\">\n<p>\ud83d\udfe5 <b>\u00a1GANGAZO!<\/b> \ud83d\udfe5 #Publicidad #Amazon #16<\/p>\n<p>\ud83d\udd34 <b>Camiseta Levi&#8217;s <\/b><\/p>\n<p>\u2705 <b>AHORA 11.49 \u20ac<\/b> \u2714\ufe0f\ud83d\udfe1<\/p>\n<p>\u274c Antes 25.00 \u20ac<\/p>\n<p>\ud83d\uded2: <a href=\"https:\/\/btz.es\/5etr09b\" target=\"_blank\" rel=\"nofollow noopener\">https:\/\/btz.es\/5etr09b<\/a><\/p>\n<p>Descubre la comodidad y estilo urbano con la camiseta Levi&#8217;s, confeccionada con materiales de alta calidad para un ajuste perfecto. Ideal para quienes buscan un look casual con el prestigio de una marca ic\u00f3nica. Optimizada para un uso diario y f\u00e1cil combinaci\u00f3n con cualquier outfit, esta camiseta Levi&#8217;s es imprescindible en tu guardarropa. Aprovecha la oferta exclusiva y destaca con el aut\u00e9ntico estilo Levi&#8217;s.<\/p>\n<\/p><\/div>\n","protected":false},"excerpt":{"rendered":"<p>\ud83d\udfe5 \u00a1GANGAZO! \ud83d\udfe5 #Publicidad #Amazon #16 \ud83d\udd34 Camiseta Levi&#8217;s \u2705 AHORA 11.49 \u20ac \u2714\ufe0f\ud83d\udfe1 \u274c Antes 25.00 \u20ac \ud83d\uded2: https:\/\/btz.es\/5etr09b Descubre la comodidad y estilo urbano con la camiseta Levi&#8217;s, confeccionada con materiales de alta calidad para un ajuste perfecto. Ideal para quienes buscan un look casual con el prestigio de una marca ic\u00f3nica. Optimizada [&hellip;]<\/p>\n","protected":false},"featured_media":9993,"template":"","meta":{"_gspb_post_css":""},"store":[],"product_brand":[],"product_cat":[16],"product_tag":[],"class_list":{"0":"post-9994","1":"product","2":"type-product","3":"status-publish","4":"has-post-thumbnail","6":"product_cat-sin-categorizar","8":"first","9":"instock","10":"sale","11":"shipping-taxable","12":"product-type-external"},"jetpack_sharing_enabled":true,"_links":{"self":[{"href":"https:\/\/ofertacular.com\/index.php\/wp-json\/wp\/v2\/product\/9994","targetHints":{"allow":["GET"]}}],"collection":[{"href":"https:\/\/ofertacular.com\/index.php\/wp-json\/wp\/v2\/product"}],"about":[{"href":"https:\/\/ofertacular.com\/index.php\/wp-json\/wp\/v2\/types\/product"}],"wp:featuredmedia":[{"embeddable":true,"href":"https:\/\/ofertacular.com\/index.php\/wp-json\/wp\/v2\/media\/9993"}],"wp:attachment":[{"href":"https:\/\/ofertacular.com\/index.php\/wp-json\/wp\/v2\/media?parent=9994"}],"wp:term":[{"taxonomy":"store","embeddable":true,"href":"https:\/\/ofertacular.com\/index.php\/wp-json\/wp\/v2\/store?post=9994"},{"taxonomy":"product_brand","embeddable":true,"href":"https:\/\/ofertacular.com\/index.php\/wp-json\/wp\/v2\/product_brand?post=9994"},{"taxonomy":"product_cat","embeddable":true,"href":"https:\/\/ofertacular.com\/index.php\/wp-json\/wp\/v2\/product_cat?post=9994"},{"taxonomy":"product_tag","embeddable":true,"href":"https:\/\/ofertacular.com\/index.php\/wp-json\/wp\/v2\/product_tag?post=9994"}],"curies":[{"name":"wp","href":"https:\/\/api.w.org\/{rel}","templated":true}]}}